{"id":251,"date":"2024-01-27T21:43:20","date_gmt":"2024-01-27T20:43:20","guid":{"rendered":"https:\/\/immocleanexperts.com\/?page_id=251"},"modified":"2024-04-30T15:32:07","modified_gmt":"2024-04-30T13:32:07","slug":"qui-sommes-nous","status":"publish","type":"page","link":"https:\/\/immocleanexperts.com\/index.php\/qui-sommes-nous\/","title":{"rendered":"Qui sommes nous"},"content":{"rendered":"\t\t<div data-elementor-type=\"wp-page\" data-elementor-id=\"251\" class=\"elementor elementor-251\">\n\t\t\t\t\t\t\t<div class=\"elementor-element elementor-element-c3cbe18 e-flex e-con-boxed elementor-invisible e-con e-parent\" data-id=\"c3cbe18\" data-element_type=\"container\" data-settings=\"{&quot;animation&quot;:&quot;fadeInLeft&quot;,&quot;content_width&quot;:&quot;boxed&quot;}\" data-core-v316-plus=\"true\">\n\t\t\t\t\t<div class=\"e-con-inner\">\n\t\t<div class=\"elementor-element elementor-element-11415fc e-con-full e-flex elementor-invisible e-con e-child\" data-id=\"11415fc\" data-element_type=\"container\" data-settings=\"{&quot;content_width&quot;:&quot;full&quot;,&quot;animation&quot;:&quot;fadeInLeft&quot;}\">\n\t\t\t\t<div class=\"elementor-element elementor-element-c122776 elementor-widget elementor-widget-heading\" data-id=\"c122776\" data-element_type=\"widget\" data-widget_type=\"heading.default\">\n\t\t\t\t<div class=\"elementor-widget-container\">\n\t\t\t<style>\/*! elementor - v3.18.0 - 20-12-2023 *\/\n.elementor-heading-title{padding:0;margin:0;line-height:1}.elementor-widget-heading .elementor-heading-title[class*=elementor-size-]>a{color:inherit;font-size:inherit;line-height:inherit}.elementor-widget-heading .elementor-heading-title.elementor-size-small{font-size:15px}.elementor-widget-heading .elementor-heading-title.elementor-size-medium{font-size:19px}.elementor-widget-heading .elementor-heading-title.elementor-size-large{font-size:29px}.elementor-widget-heading .elementor-heading-title.elementor-size-xl{font-size:39px}.elementor-widget-heading .elementor-heading-title.elementor-size-xxl{font-size:59px}<\/style><h4 class=\"elementor-heading-title elementor-size-large\"><i>\"Un bon service n'est jamais le fruit du hasard, faites-nous confiance et jugez nos r\u00e9sultats\"<\/i><\/h4>\t\t<\/div>\n\t\t\t\t<\/div>\n\t\t\t\t<div class=\"elementor-element elementor-element-1f0d94a elementor-widget elementor-widget-text-editor\" data-id=\"1f0d94a\" data-element_type=\"widget\" data-widget_type=\"text-editor.default\">\n\t\t\t\t<div class=\"elementor-widget-container\">\n\t\t\t<style>\/*! elementor - v3.18.0 - 20-12-2023 *\/\n.elementor-widget-text-editor.elementor-drop-cap-view-stacked .elementor-drop-cap{background-color:#69727d;color:#fff}.elementor-widget-text-editor.elementor-drop-cap-view-framed .elementor-drop-cap{color:#69727d;border:3px solid;background-color:transparent}.elementor-widget-text-editor:not(.elementor-drop-cap-view-default) .elementor-drop-cap{margin-top:8px}.elementor-widget-text-editor:not(.elementor-drop-cap-view-default) .elementor-drop-cap-letter{width:1em;height:1em}.elementor-widget-text-editor .elementor-drop-cap{float:left;text-align:center;line-height:1;font-size:50px}.elementor-widget-text-editor .elementor-drop-cap-letter{display:inline-block}<\/style>\t\t\t\t<p><span style=\"font-style: inherit; font-weight: inherit; text-align: var(--text-align); background-color: var(--ast-global-color-5);\">N\u00e9e du constat dress\u00e9 par les clients d&#8217;entreprises de nettoyage, \u00e0 savoir :<\/span><\/p><p><span style=\"font-style: inherit; font-weight: inherit; text-align: var(--text-align); background-color: var(--ast-global-color-5);\">&#8211; <\/span><span style=\"font-style: inherit; text-align: var(--text-align); background-color: var(--ast-global-color-5);\"><b>Difficult\u00e9 dans la gestion des absences<br \/><\/b><\/span><span style=\"font-style: inherit; font-weight: inherit; text-align: var(--text-align); background-color: var(--ast-global-color-5);\">&#8211; <\/span><span style=\"font-style: inherit; text-align: var(--text-align); background-color: var(--ast-global-color-5);\"><b>Turn over important<br \/><\/b><\/span><span style=\"font-style: inherit; font-weight: inherit; text-align: var(--text-align); background-color: var(--ast-global-color-5);\">&#8211; <\/span><b style=\"font-style: inherit; text-align: var(--text-align); background-color: var(--ast-global-color-5);\">Manque de visibilit\u00e9 et de communication<br \/><\/b><span style=\"font-style: inherit; font-weight: inherit; text-align: var(--text-align); background-color: var(--ast-global-color-5);\">&#8211; <\/span><span style=\"font-style: inherit; text-align: var(--text-align); background-color: var(--ast-global-color-5);\"><b>Qualit\u00e9 des prestations irr\u00e9guli\u00e8res<br \/><\/b><\/span><span style=\"font-style: inherit; text-align: var(--text-align); background-color: var(--ast-global-color-5);\"><b><br \/><\/b><span style=\"font-weight: inherit;\">Nous avons d\u00e9cid\u00e9 de r\u00e9pondre \u00e0 ces probl\u00e9matiques en cr\u00e9ant <\/span><\/span><b style=\"font-style: inherit; text-align: var(--text-align); background-color: var(--ast-global-color-5);\">Immo Clean Experts<\/b><span style=\"font-style: inherit; font-weight: inherit; text-align: var(--text-align); background-color: var(--ast-global-color-5);\"> !<\/span><\/p><p><span style=\"background-color: var(--ast-global-color-5); font-family: var( --e-global-typography-text-font-family ), Sans-serif; font-style: inherit; font-weight: inherit; text-align: var(--text-align);\">En intervenant sur une typologie tr\u00e8s sp\u00e9cifique de classe d&#8217;actifs <\/span><span style=\"background-color: var(--ast-global-color-5); font-family: var( --e-global-typography-text-font-family ), Sans-serif; font-style: inherit; text-align: var(--text-align);\"><b>(copropri\u00e9t\u00e9s et bureaux m\u00e9dicaux)<\/b><\/span><span style=\"background-color: var(--ast-global-color-5); font-family: var( --e-global-typography-text-font-family ), Sans-serif; font-style: inherit; font-weight: inherit; text-align: var(--text-align);\"> et gr\u00e2ce \u00e0 notre <\/span><span style=\"background-color: var(--ast-global-color-5); font-family: var( --e-global-typography-text-font-family ), Sans-serif; font-style: inherit; text-align: var(--text-align);\"><b>syst\u00e8me de gestion unique<\/b><\/span><span style=\"background-color: var(--ast-global-color-5); font-family: var( --e-global-typography-text-font-family ), Sans-serif; font-style: inherit; font-weight: inherit; text-align: var(--text-align);\">, nous avons construit une expertise permettant une <\/span><span style=\"background-color: var(--ast-global-color-5); font-family: var( --e-global-typography-text-font-family ), Sans-serif; font-style: inherit; text-align: var(--text-align);\"><b><u>prestation r\u00e9guli\u00e8re et de tr\u00e8s haute qualit\u00e9<\/u><\/b><\/span><span style=\"background-color: var(--ast-global-color-5); font-family: var( --e-global-typography-text-font-family ), Sans-serif; font-style: inherit; font-weight: inherit; text-align: var(--text-align);\">.<br \/><\/span><\/p><p><span style=\"background-color: var(--ast-global-color-5); font-family: var( --e-global-typography-text-font-family ), Sans-serif; font-style: inherit; text-align: var(--text-align);\"><b>La confiance<\/b><br \/><span style=\"font-weight: inherit;\">La conception de notre m\u00e9tier va bien plus loin que la simple ex\u00e9cution de t\u00e2ches de nettoyage. <\/span><b>Votre confiance est notre richesse<\/b><span style=\"font-weight: inherit;\">, et nous mettons tout en oeuvre pour vous d\u00e9livrer la prestation que vous m\u00e9ritez.<\/span><\/span><\/p>\t\t\t\t\t\t<\/div>\n\t\t\t\t<\/div>\n\t\t\t\t<\/div>\n\t\t\t\t<div class=\"elementor-element elementor-element-9aab148 elementor-widget__width-initial elementor-widget elementor-widget-image\" data-id=\"9aab148\" data-element_type=\"widget\" data-widget_type=\"image.default\">\n\t\t\t\t<div class=\"elementor-widget-container\">\n\t\t\t<style>\/*! elementor - v3.18.0 - 20-12-2023 *\/\n.elementor-widget-image{text-align:center}.elementor-widget-image a{display:inline-block}.elementor-widget-image a img[src$=\".svg\"]{width:48px}.elementor-widget-image img{vertical-align:middle;display:inline-block}<\/style>\t\t\t\t\t\t\t\t\t\t\t\t<img fetchpriority=\"high\" decoding=\"async\" width=\"1024\" height=\"768\" src=\"https:\/\/immocleanexperts.com\/wp-content\/uploads\/2024\/02\/Locaux-1024x768.jpeg\" class=\"attachment-large size-large wp-image-483\" alt=\"\" srcset=\"https:\/\/immocleanexperts.com\/wp-content\/uploads\/2024\/02\/Locaux-1024x768.jpeg 1024w, https:\/\/immocleanexperts.com\/wp-content\/uploads\/2024\/02\/Locaux-300x225.jpeg 300w, https:\/\/immocleanexperts.com\/wp-content\/uploads\/2024\/02\/Locaux-768x576.jpeg 768w, https:\/\/immocleanexperts.com\/wp-content\/uploads\/2024\/02\/Locaux-1536x1152.jpeg 1536w, https:\/\/immocleanexperts.com\/wp-content\/uploads\/2024\/02\/Locaux.jpeg 1920w\" sizes=\"(max-width: 1024px) 100vw, 1024px\" \/>\t\t\t\t\t\t\t\t\t\t\t\t\t\t\t<\/div>\n\t\t\t\t<\/div>\n\t\t\t\t\t<\/div>\n\t\t\t\t<\/div>\n\t\t<div class=\"elementor-element elementor-element-dbd37b7 e-flex e-con-boxed elementor-invisible e-con e-parent\" data-id=\"dbd37b7\" data-element_type=\"container\" data-settings=\"{&quot;animation&quot;:&quot;fadeInRight&quot;,&quot;content_width&quot;:&quot;boxed&quot;}\" data-core-v316-plus=\"true\">\n\t\t\t\t\t<div class=\"e-con-inner\">\n\t\t<div class=\"elementor-element elementor-element-999d22f e-con-full e-flex e-con e-child\" data-id=\"999d22f\" data-element_type=\"container\" data-settings=\"{&quot;content_width&quot;:&quot;full&quot;}\">\n\t\t\t\t<div class=\"elementor-element elementor-element-f6aec38 elementor-widget elementor-widget-image\" data-id=\"f6aec38\" data-element_type=\"widget\" data-widget_type=\"image.default\">\n\t\t\t\t<div class=\"elementor-widget-container\">\n\t\t\t\t\t\t\t\t\t\t\t\t\t\t\t<img decoding=\"async\" width=\"1024\" height=\"830\" src=\"https:\/\/immocleanexperts.com\/wp-content\/uploads\/2024\/03\/team-spirit-teamwork-community-2447163-1024x830.jpg\" class=\"attachment-large size-large wp-image-614\" alt=\"team spirit, teamwork, community-2447163.jpg\" srcset=\"https:\/\/immocleanexperts.com\/wp-content\/uploads\/2024\/03\/team-spirit-teamwork-community-2447163-1024x830.jpg 1024w, https:\/\/immocleanexperts.com\/wp-content\/uploads\/2024\/03\/team-spirit-teamwork-community-2447163-300x243.jpg 300w, https:\/\/immocleanexperts.com\/wp-content\/uploads\/2024\/03\/team-spirit-teamwork-community-2447163-768x622.jpg 768w, https:\/\/immocleanexperts.com\/wp-content\/uploads\/2024\/03\/team-spirit-teamwork-community-2447163.jpg 1280w\" sizes=\"(max-width: 1024px) 100vw, 1024px\" \/>\t\t\t\t\t\t\t\t\t\t\t\t\t\t\t<\/div>\n\t\t\t\t<\/div>\n\t\t\t\t<\/div>\n\t\t<div class=\"elementor-element elementor-element-ac257fd e-con-full e-flex e-con e-child\" data-id=\"ac257fd\" data-element_type=\"container\" data-settings=\"{&quot;content_width&quot;:&quot;full&quot;}\">\n\t\t<div class=\"elementor-element elementor-element-a9ad74a e-con-full e-flex e-con e-child\" data-id=\"a9ad74a\" data-element_type=\"container\" data-settings=\"{&quot;content_width&quot;:&quot;full&quot;}\">\n\t\t\t\t<div class=\"elementor-element elementor-element-af8bd2c elementor-widget elementor-widget-heading\" data-id=\"af8bd2c\" data-element_type=\"widget\" data-widget_type=\"heading.default\">\n\t\t\t\t<div class=\"elementor-widget-container\">\n\t\t\t<h4 class=\"elementor-heading-title elementor-size-large\"><i>Une entreprise humaine et familiale.<\/i><\/h4>\t\t<\/div>\n\t\t\t\t<\/div>\n\t\t\t\t<div class=\"elementor-element elementor-element-6699d8c elementor-widget elementor-widget-text-editor\" data-id=\"6699d8c\" data-element_type=\"widget\" data-widget_type=\"text-editor.default\">\n\t\t\t\t<div class=\"elementor-widget-container\">\n\t\t\t\t\t\t\t<p style=\"font-size: 14px; font-style: normal; font-weight: 400; color: #2e2e2e; text-align: justify;\"><i>&#8220;Notre souhait est de permettre \u00e0 nos clients d&#8217;obtenir la meilleure prestation, selon leurs besoins et au meilleur prix.&#8221;<\/i><\/p>\n<p style=\"font-size: 14px; font-style: normal; font-weight: 400; color: #2e2e2e; text-align: justify;\">Nous intervenons sur l\u2019ensemble de l&#8217;Alsace et pouvons prendre en charge l\u2019entretien de vos locaux selon le rythme dont vous avez besoin.<\/p>\n<p style=\"font-size: 14px; font-style: normal; font-weight: 400; color: #2e2e2e; text-align: justify;\"><span style=\"font-weight: bold;\">Proposition sur mesure :&nbsp;<\/span>Toutes nos interventions font l\u2019objet d\u2019un devis gratuit, \u00e9labor\u00e9 en concertation avec le donneur d\u2019ordre au cours d\u2019une visite de chantier.<\/p>\n<p style=\"font-size: 14px; font-style: normal; font-weight: 400; color: #2e2e2e; text-align: justify;\"><span style=\"font-weight: bold;\">Personnel qualifi\u00e9 :&nbsp;<\/span>Outre la ma\u00eetrise des techniques de notre m\u00e9tier, confidentialit\u00e9, discr\u00e9tion, politesse font partie de la qualit\u00e9 professionnelle reconnue de nos partenaires et collaborateurs qui mettent un point d\u2019honneur \u00e0 les cultiver.<\/p>\n<p style=\"font-size: 14px; font-style: normal; font-weight: 400; color: #2e2e2e; text-align: justify;\"><span style=\"font-weight: bold;\">\u00c9conomies en vue :&nbsp;<\/span><span style=\"background-color: var(--ast-global-color-5);\">Gr\u00e2ce \u00e0 nos m\u00e9thodes de gestion innovantes, nos clients \u00e9conomisent jusqu&#8217;\u00e0 15% sur le prix de leur nettoyage.<\/span><\/p>\t\t\t\t\t\t<\/div>\n\t\t\t\t<\/div>\n\t\t\t\t<\/div>\n\t\t\t\t<\/div>\n\t\t\t\t\t<\/div>\n\t\t\t\t<\/div>\n\t\t<div class=\"elementor-element elementor-element-054b1cc e-flex e-con-boxed elementor-invisible e-con e-parent\" data-id=\"054b1cc\" data-element_type=\"container\" data-settings=\"{&quot;animation&quot;:&quot;fadeInLeft&quot;,&quot;content_width&quot;:&quot;boxed&quot;}\" data-core-v316-plus=\"true\">\n\t\t\t\t\t<div class=\"e-con-inner\">\n\t\t<div class=\"elementor-element elementor-element-ec1d6d3 e-con-full e-flex e-con e-child\" data-id=\"ec1d6d3\" data-element_type=\"container\" data-settings=\"{&quot;content_width&quot;:&quot;full&quot;}\">\n\t\t\t\t<div class=\"elementor-element elementor-element-7a3b938 elementor-widget elementor-widget-heading\" data-id=\"7a3b938\" data-element_type=\"widget\" data-widget_type=\"heading.default\">\n\t\t\t\t<div class=\"elementor-widget-container\">\n\t\t\t<h4 class=\"elementor-heading-title elementor-size-large\"><i>Nos Valeurs et engagements !<\/i><\/h4>\t\t<\/div>\n\t\t\t\t<\/div>\n\t\t\t\t<div class=\"elementor-element elementor-element-207b26f elementor-widget elementor-widget-text-editor\" data-id=\"207b26f\" data-element_type=\"widget\" data-widget_type=\"text-editor.default\">\n\t\t\t\t<div class=\"elementor-widget-container\">\n\t\t\t\t\t\t\t<p><b>Excellence :<br><\/b><span style=\"font-style: inherit; font-weight: inherit; background-color: var(--ast-global-color-5);\">Nous nous effor\u00e7ons de d\u00e9livrer une prestation d&#8217;excellente qualit\u00e9. Nos clients nous choisissent et restent avec car nous offrons la meilleure prestation au meilleur prix.<\/span><\/p>\n<p><span style=\"font-style: inherit; background-color: var(--ast-global-color-5);\"><b>Fiabilit\u00e9 :<br><\/b><\/span><span style=\"font-style: inherit; font-weight: inherit; background-color: var(--ast-global-color-5);\">Une de nos valeurs essentielles \u00e9tant la capacit\u00e9 \u00e0 syst\u00e9matiquement offrir \u00e0 nos clients l&#8217;excellence. Nous mettons un point d&#8217;honneur \u00e0 r\u00e9aliser nos prestations en temps et en heure pour ne pas entraver vos activit\u00e9s.<\/span><\/p>\n<p><span style=\"background-color: var(--ast-global-color-5); font-family: var( --e-global-typography-text-font-family ), Sans-serif; font-style: inherit;\"><b>Transparence :<\/b><br>Avoir une ligne directe avec nos clients et une gestion transparente afin de cultiver la confiance entre nos clients et nous.<\/span><\/p>\t\t\t\t\t\t<\/div>\n\t\t\t\t<\/div>\n\t\t\t\t<\/div>\n\t\t\t\t<div class=\"elementor-element elementor-element-c3ae507 elementor-widget elementor-widget-image\" data-id=\"c3ae507\" data-element_type=\"widget\" data-widget_type=\"image.default\">\n\t\t\t\t<div class=\"elementor-widget-container\">\n\t\t\t\t\t\t\t\t\t\t\t\t\t\t\t<img decoding=\"async\" width=\"897\" height=\"505\" src=\"https:\/\/immocleanexperts.com\/wp-content\/uploads\/2024\/01\/MMAPRO_-engagement-salaries-entreprise-897x505-1.jpg\" class=\"attachment-large size-large wp-image-142\" alt=\"\" srcset=\"https:\/\/immocleanexperts.com\/wp-content\/uploads\/2024\/01\/MMAPRO_-engagement-salaries-entreprise-897x505-1.jpg 897w, https:\/\/immocleanexperts.com\/wp-content\/uploads\/2024\/01\/MMAPRO_-engagement-salaries-entreprise-897x505-1-300x169.jpg 300w, https:\/\/immocleanexperts.com\/wp-content\/uploads\/2024\/01\/MMAPRO_-engagement-salaries-entreprise-897x505-1-768x432.jpg 768w\" sizes=\"(max-width: 897px) 100vw, 897px\" \/>\t\t\t\t\t\t\t\t\t\t\t\t\t\t\t<\/div>\n\t\t\t\t<\/div>\n\t\t\t\t\t<\/div>\n\t\t\t\t<\/div>\n\t\t\t\t\t\t\t<\/div>\n\t\t","protected":false},"excerpt":{"rendered":"<p>&#8220;Un bon service n&#8217;est jamais le fruit du hasard, faites-nous confiance et jugez nos r\u00e9sultats&#8221; N\u00e9e du constat dress\u00e9 par les clients d&#8217;entreprises de nettoyage, \u00e0 savoir : &#8211; Difficult\u00e9 dans la gestion des absences&#8211; Turn over important&#8211; Manque de visibilit\u00e9 et de communication&#8211; Qualit\u00e9 des prestations irr\u00e9guli\u00e8resNous avons d\u00e9cid\u00e9 de r\u00e9pondre \u00e0 ces probl\u00e9matiques [&hellip;]<\/p>\n","protected":false},"author":1,"featured_media":0,"parent":0,"menu_order":0,"comment_status":"closed","ping_status":"closed","template":"","meta":{"site-sidebar-layout":"no-sidebar","site-content-layout":"","ast-site-content-layout":"full-width-container","site-content-style":"default","site-sidebar-style":"default","ast-global-header-display":"","ast-banner-title-visibility":"","ast-main-header-display":"","ast-hfb-above-header-display":"","ast-hfb-below-header-display":"","ast-hfb-mobile-header-display":"","site-post-title":"disabled","ast-breadcrumbs-content":"","ast-featured-img":"disabled","footer-sml-layout":"","theme-transparent-header-meta":"","adv-header-id-meta":"","stick-header-meta":"","header-above-stick-meta":"","header-main-stick-meta":"","header-below-stick-meta":"","astra-migrate-meta-layouts":"default","ast-page-background-enabled":"default","ast-page-background-meta":{"desktop":{"background-color":"var(--ast-global-color-4)","background-image":"","background-repeat":"repeat","background-position":"center center","background-size":"auto","background-attachment":"scroll","background-type":"","background-media":"","overlay-type":"","overlay-color":"","overlay-gradient":""},"tablet":{"background-color":"","background-image":"","background-repeat":"repeat","background-position":"center center","background-size":"auto","background-attachment":"scroll","background-type":"","background-media":"","overlay-type":"","overlay-color":"","overlay-gradient":""},"mobile":{"background-color":"","background-image":"","background-repeat":"repeat","background-position":"center center","background-size":"auto","background-attachment":"scroll","background-type":"","background-media":"","overlay-type":"","overlay-color":"","overlay-gradient":""}},"ast-content-background-meta":{"desktop":{"background-color":"var(--ast-global-color-5)","background-image":"","background-repeat":"repeat","background-position":"center center","background-size":"auto","background-attachment":"scroll","background-type":"","background-media":"","overlay-type":"","overlay-color":"","overlay-gradient":""},"tablet":{"background-color":"var(--ast-global-color-5)","background-image":"","background-repeat":"repeat","background-position":"center center","background-size":"auto","background-attachment":"scroll","background-type":"","background-media":"","overlay-type":"","overlay-color":"","overlay-gradient":""},"mobile":{"background-color":"var(--ast-global-color-5)","background-image":"","background-repeat":"repeat","background-position":"center center","background-size":"auto","background-attachment":"scroll","background-type":"","background-media":"","overlay-type":"","overlay-color":"","overlay-gradient":""}},"footnotes":""},"class_list":["post-251","page","type-page","status-publish","hentry"],"_links":{"self":[{"href":"https:\/\/immocleanexperts.com\/index.php\/wp-json\/wp\/v2\/pages\/251","targetHints":{"allow":["GET"]}}],"collection":[{"href":"https:\/\/immocleanexperts.com\/index.php\/wp-json\/wp\/v2\/pages"}],"about":[{"href":"https:\/\/immocleanexperts.com\/index.php\/wp-json\/wp\/v2\/types\/page"}],"author":[{"embeddable":true,"href":"https:\/\/immocleanexperts.com\/index.php\/wp-json\/wp\/v2\/users\/1"}],"replies":[{"embeddable":true,"href":"https:\/\/immocleanexperts.com\/index.php\/wp-json\/wp\/v2\/comments?post=251"}],"version-history":[{"count":64,"href":"https:\/\/immocleanexperts.com\/index.php\/wp-json\/wp\/v2\/pages\/251\/revisions"}],"predecessor-version":[{"id":808,"href":"https:\/\/immocleanexperts.com\/index.php\/wp-json\/wp\/v2\/pages\/251\/revisions\/808"}],"wp:attachment":[{"href":"https:\/\/immocleanexperts.com\/index.php\/wp-json\/wp\/v2\/media?parent=251"}],"curies":[{"name":"wp","href":"https:\/\/api.w.org\/{rel}","templated":true}]}}