{"id":561,"date":"2024-02-24T08:23:55","date_gmt":"2024-02-24T07:23:55","guid":{"rendered":"https:\/\/immocleanexperts.com\/?page_id=561"},"modified":"2024-04-30T21:44:16","modified_gmt":"2024-04-30T19:44:16","slug":"elementor-561","status":"publish","type":"page","link":"https:\/\/immocleanexperts.com\/","title":{"rendered":"Page d&#8217;accueil"},"content":{"rendered":"\t\t<div data-elementor-type=\"wp-page\" data-elementor-id=\"561\" class=\"elementor elementor-561\">\n\t\t\t\t\t\t\t<div class=\"elementor-element elementor-element-daea2d7 e-flex e-con-boxed e-con e-parent\" data-id=\"daea2d7\" data-element_type=\"container\" data-settings=\"{&quot;background_background&quot;:&quot;classic&quot;,&quot;content_width&quot;:&quot;boxed&quot;}\" data-core-v316-plus=\"true\">\n\t\t\t\t\t<div class=\"e-con-inner\">\n\t\t<div class=\"elementor-element elementor-element-a754f9f e-con-full e-flex elementor-invisible e-con e-child\" data-id=\"a754f9f\" data-element_type=\"container\" data-settings=\"{&quot;content_width&quot;:&quot;full&quot;,&quot;animation&quot;:&quot;fadeInDown&quot;}\">\n\t\t\t\t<div class=\"elementor-element elementor-element-8ee5c63 elementor-widget elementor-widget-heading\" data-id=\"8ee5c63\" data-element_type=\"widget\" data-widget_type=\"heading.default\">\n\t\t\t\t<div class=\"elementor-widget-container\">\n\t\t\t<style>\/*! elementor - v3.18.0 - 20-12-2023 *\/\n.elementor-heading-title{padding:0;margin:0;line-height:1}.elementor-widget-heading .elementor-heading-title[class*=elementor-size-]>a{color:inherit;font-size:inherit;line-height:inherit}.elementor-widget-heading .elementor-heading-title.elementor-size-small{font-size:15px}.elementor-widget-heading .elementor-heading-title.elementor-size-medium{font-size:19px}.elementor-widget-heading .elementor-heading-title.elementor-size-large{font-size:29px}.elementor-widget-heading .elementor-heading-title.elementor-size-xl{font-size:39px}.elementor-widget-heading .elementor-heading-title.elementor-size-xxl{font-size:59px}<\/style><h2 class=\"elementor-heading-title elementor-size-default\"><span style=\"font-weight: 400;\">Chez <\/span>Immo Clean Experts<span style=\"font-weight: normal;\">, <\/span><br><span style=\"font-weight: normal;\">nous avons \u00e0 coeur de faire de votre lieu de vie un lieu d\u2019une propret\u00e9 in\u00e9gal\u00e9e.<\/span><\/h2>\t\t<\/div>\n\t\t\t\t<\/div>\n\t\t\t\t<div class=\"elementor-element elementor-element-7231028 elementor-widget elementor-widget-text-editor\" data-id=\"7231028\" data-element_type=\"widget\" data-widget_type=\"text-editor.default\">\n\t\t\t\t<div class=\"elementor-widget-container\">\n\t\t\t<style>\/*! elementor - v3.18.0 - 20-12-2023 *\/\n.elementor-widget-text-editor.elementor-drop-cap-view-stacked .elementor-drop-cap{background-color:#69727d;color:#fff}.elementor-widget-text-editor.elementor-drop-cap-view-framed .elementor-drop-cap{color:#69727d;border:3px solid;background-color:transparent}.elementor-widget-text-editor:not(.elementor-drop-cap-view-default) .elementor-drop-cap{margin-top:8px}.elementor-widget-text-editor:not(.elementor-drop-cap-view-default) .elementor-drop-cap-letter{width:1em;height:1em}.elementor-widget-text-editor .elementor-drop-cap{float:left;text-align:center;line-height:1;font-size:50px}.elementor-widget-text-editor .elementor-drop-cap-letter{display:inline-block}<\/style>\t\t\t\t<p>N&#8217;attendez plus et profitez de nos services au meilleur prix ! Sp\u00e9cialis\u00e9s dans le nettoyage de copropri\u00e9t\u00e9s et de vitres, profitez-en !<\/p>\t\t\t\t\t\t<\/div>\n\t\t\t\t<\/div>\n\t\t\t\t<div class=\"elementor-element elementor-element-ae61492 elementor-align-center elementor-widget elementor-widget-button\" data-id=\"ae61492\" data-element_type=\"widget\" data-widget_type=\"button.default\">\n\t\t\t\t<div class=\"elementor-widget-container\">\n\t\t\t\t\t<div class=\"elementor-button-wrapper\">\n\t\t\t<a class=\"elementor-button elementor-button-link elementor-size-lg elementor-animation-grow\" href=\"http:\/\/www.docs.google.com\/forms\/d\/e\/1FAIpQLScwZu9BDsqVF2RWKWlkfHY3VIdUZi3Fo16ABgqR2yp_8-Aa2Q\/viewform?fbzx=7171981019520474934\" target=\"_blank\">\n\t\t\t\t\t\t<span class=\"elementor-button-content-wrapper\">\n\t\t\t\t\t\t<span class=\"elementor-button-text\">Demandez votre devis gratuitement !<\/span>\n\t\t<\/span>\n\t\t\t\t\t<\/a>\n\t\t<\/div>\n\t\t\t\t<\/div>\n\t\t\t\t<\/div>\n\t\t\t\t<\/div>\n\t\t<div class=\"elementor-element elementor-element-ceaa116 e-con-full e-flex elementor-invisible e-con e-child\" data-id=\"ceaa116\" data-element_type=\"container\" data-settings=\"{&quot;content_width&quot;:&quot;full&quot;,&quot;animation&quot;:&quot;fadeInLeft&quot;}\">\n\t\t\t\t<div class=\"elementor-element elementor-element-c2461e9 elementor-hidden-tablet elementor-hidden-mobile elementor-widget elementor-widget-image\" data-id=\"c2461e9\" data-element_type=\"widget\" data-widget_type=\"image.default\">\n\t\t\t\t<div class=\"elementor-widget-container\">\n\t\t\t<style>\/*! elementor - v3.18.0 - 20-12-2023 *\/\n.elementor-widget-image{text-align:center}.elementor-widget-image a{display:inline-block}.elementor-widget-image a img[src$=\".svg\"]{width:48px}.elementor-widget-image img{vertical-align:middle;display:inline-block}<\/style>\t\t\t\t\t\t\t\t\t\t\t\t<img fetchpriority=\"high\" decoding=\"async\" width=\"768\" height=\"1024\" src=\"https:\/\/immocleanexperts.com\/wp-content\/uploads\/2024\/04\/WhatsApp-Image-2024-04-16-at-18.05.06-768x1024.jpeg\" class=\"elementor-animation-grow attachment-large size-large wp-image-741\" alt=\"\" srcset=\"https:\/\/immocleanexperts.com\/wp-content\/uploads\/2024\/04\/WhatsApp-Image-2024-04-16-at-18.05.06-768x1024.jpeg 768w, https:\/\/immocleanexperts.com\/wp-content\/uploads\/2024\/04\/WhatsApp-Image-2024-04-16-at-18.05.06-225x300.jpeg 225w, https:\/\/immocleanexperts.com\/wp-content\/uploads\/2024\/04\/WhatsApp-Image-2024-04-16-at-18.05.06-1152x1536.jpeg 1152w, https:\/\/immocleanexperts.com\/wp-content\/uploads\/2024\/04\/WhatsApp-Image-2024-04-16-at-18.05.06.jpeg 1536w\" sizes=\"(max-width: 768px) 100vw, 768px\" \/>\t\t\t\t\t\t\t\t\t\t\t\t\t\t\t<\/div>\n\t\t\t\t<\/div>\n\t\t\t\t<div class=\"elementor-element elementor-element-75bd97c elementor-hidden-tablet elementor-hidden-mobile elementor-widget elementor-widget-image\" data-id=\"75bd97c\" data-element_type=\"widget\" data-widget_type=\"image.default\">\n\t\t\t\t<div class=\"elementor-widget-container\">\n\t\t\t\t\t\t\t\t\t\t\t\t\t\t\t<img decoding=\"async\" width=\"1024\" height=\"683\" src=\"https:\/\/immocleanexperts.com\/wp-content\/uploads\/2024\/03\/Interieur-cabinet-medicaux-1024x683.jpeg\" class=\"elementor-animation-grow attachment-large size-large wp-image-584\" alt=\"\" srcset=\"https:\/\/immocleanexperts.com\/wp-content\/uploads\/2024\/03\/Interieur-cabinet-medicaux-1024x683.jpeg 1024w, https:\/\/immocleanexperts.com\/wp-content\/uploads\/2024\/03\/Interieur-cabinet-medicaux-300x200.jpeg 300w, https:\/\/immocleanexperts.com\/wp-content\/uploads\/2024\/03\/Interieur-cabinet-medicaux-768x512.jpeg 768w, https:\/\/immocleanexperts.com\/wp-content\/uploads\/2024\/03\/Interieur-cabinet-medicaux-1536x1024.jpeg 1536w, https:\/\/immocleanexperts.com\/wp-content\/uploads\/2024\/03\/Interieur-cabinet-medicaux.jpeg 1800w\" sizes=\"(max-width: 1024px) 100vw, 1024px\" \/>\t\t\t\t\t\t\t\t\t\t\t\t\t\t\t<\/div>\n\t\t\t\t<\/div>\n\t\t\t\t<\/div>\n\t\t<div class=\"elementor-element elementor-element-b77467b e-con-full e-flex elementor-invisible e-con e-child\" data-id=\"b77467b\" data-element_type=\"container\" data-settings=\"{&quot;content_width&quot;:&quot;full&quot;,&quot;animation&quot;:&quot;fadeInRight&quot;}\">\n\t\t\t\t<div class=\"elementor-element elementor-element-d1040a5 elementor-widget elementor-widget-image\" data-id=\"d1040a5\" data-element_type=\"widget\" data-widget_type=\"image.default\">\n\t\t\t\t<div class=\"elementor-widget-container\">\n\t\t\t\t\t\t\t\t\t\t\t\t\t\t\t<img decoding=\"async\" width=\"1000\" height=\"666\" src=\"https:\/\/immocleanexperts.com\/wp-content\/uploads\/2024\/03\/Interieur-copro.jpeg\" class=\"elementor-animation-grow attachment-large size-large wp-image-583\" alt=\"\" srcset=\"https:\/\/immocleanexperts.com\/wp-content\/uploads\/2024\/03\/Interieur-copro.jpeg 1000w, https:\/\/immocleanexperts.com\/wp-content\/uploads\/2024\/03\/Interieur-copro-300x200.jpeg 300w, https:\/\/immocleanexperts.com\/wp-content\/uploads\/2024\/03\/Interieur-copro-768x511.jpeg 768w\" sizes=\"(max-width: 1000px) 100vw, 1000px\" \/>\t\t\t\t\t\t\t\t\t\t\t\t\t\t\t<\/div>\n\t\t\t\t<\/div>\n\t\t\t\t<div class=\"elementor-element elementor-element-d8c56f5 elementor-hidden-tablet elementor-hidden-mobile elementor-widget elementor-widget-image\" data-id=\"d8c56f5\" data-element_type=\"widget\" data-widget_type=\"image.default\">\n\t\t\t\t<div class=\"elementor-widget-container\">\n\t\t\t\t\t\t\t\t\t\t\t\t\t\t\t<img loading=\"lazy\" decoding=\"async\" width=\"561\" height=\"760\" src=\"https:\/\/immocleanexperts.com\/wp-content\/uploads\/2024\/03\/Capture-decran-2024-03-05-a-14.59.30.png\" class=\"elementor-animation-grow attachment-large size-large wp-image-595\" alt=\"\" srcset=\"https:\/\/immocleanexperts.com\/wp-content\/uploads\/2024\/03\/Capture-decran-2024-03-05-a-14.59.30.png 561w, https:\/\/immocleanexperts.com\/wp-content\/uploads\/2024\/03\/Capture-decran-2024-03-05-a-14.59.30-221x300.png 221w\" sizes=\"(max-width: 561px) 100vw, 561px\" \/>\t\t\t\t\t\t\t\t\t\t\t\t\t\t\t<\/div>\n\t\t\t\t<\/div>\n\t\t\t\t<\/div>\n\t\t\t\t\t<\/div>\n\t\t\t\t<\/div>\n\t\t<div class=\"elementor-element elementor-element-7728964 e-flex e-con-boxed elementor-invisible e-con e-parent\" data-id=\"7728964\" data-element_type=\"container\" data-settings=\"{&quot;animation&quot;:&quot;fadeInDown&quot;,&quot;content_width&quot;:&quot;boxed&quot;}\" data-core-v316-plus=\"true\">\n\t\t\t\t\t<div class=\"e-con-inner\">\n\t\t\t\t<div class=\"elementor-element elementor-element-f88e84c elementor-widget elementor-widget-heading\" data-id=\"f88e84c\" data-element_type=\"widget\" data-widget_type=\"heading.default\">\n\t\t\t\t<div class=\"elementor-widget-container\">\n\t\t\t<h2 class=\"elementor-heading-title elementor-size-default\">Pourquoi choisir Immo Clean Experts ?<\/h2>\t\t<\/div>\n\t\t\t\t<\/div>\n\t\t\t\t\t<\/div>\n\t\t\t\t<\/div>\n\t\t<div class=\"elementor-element elementor-element-335af3f e-flex e-con-boxed e-con e-parent\" data-id=\"335af3f\" data-element_type=\"container\" data-settings=\"{&quot;content_width&quot;:&quot;boxed&quot;}\" data-core-v316-plus=\"true\">\n\t\t\t\t\t<div class=\"e-con-inner\">\n\t\t<div class=\"elementor-element elementor-element-b2db43f e-con-full e-flex elementor-invisible e-con e-child\" data-id=\"b2db43f\" data-element_type=\"container\" data-settings=\"{&quot;content_width&quot;:&quot;full&quot;,&quot;animation&quot;:&quot;fadeInLeft&quot;}\">\n\t\t\t\t<div class=\"elementor-element elementor-element-51ff245 elementor-widget elementor-widget-text-editor\" data-id=\"51ff245\" data-element_type=\"widget\" data-widget_type=\"text-editor.default\">\n\t\t\t\t<div class=\"elementor-widget-container\">\n\t\t\t\t\t\t\t<p>Apr\u00e8s avoir r\u00e9alis\u00e9 de nombreux nettoyages nous-m\u00eames aupr\u00e8s de nos copropri\u00e9t\u00e9s, nous avons r\u00e9uni \u00e9norm\u00e9ment de retours clients ! Cela nous a permis de comprendre le m\u00e9tier et vos attentes !<\/p>\t\t\t\t\t\t<\/div>\n\t\t\t\t<\/div>\n\t\t\t\t<div class=\"elementor-element elementor-element-d05dc99 elementor-widget elementor-widget-text-editor\" data-id=\"d05dc99\" data-element_type=\"widget\" data-widget_type=\"text-editor.default\">\n\t\t\t\t<div class=\"elementor-widget-container\">\n\t\t\t\t\t\t\t<p>Ce service, crucial pour se sentir bien chez soi, g\u00e9n\u00e8re l&#8217;insatisfaction la plus forte depuis des d\u00e9cennies, chez les clients, mais \u00e9galement chez les professionnels du nettoyage !<\/p>\t\t\t\t\t\t<\/div>\n\t\t\t\t<\/div>\n\t\t\t\t<div class=\"elementor-element elementor-element-6ed8dd1 elementor-widget elementor-widget-text-editor\" data-id=\"6ed8dd1\" data-element_type=\"widget\" data-widget_type=\"text-editor.default\">\n\t\t\t\t<div class=\"elementor-widget-container\">\n\t\t\t\t\t\t\t<p>C&#8217;est pourquoi nous avons cr\u00e9e une offre sp\u00e9cifique dans l&#8217;entretien des copropri\u00e9t\u00e9s, adapt\u00e9e aux besoins uniques de chaque immeuble, qu&#8217;il s&#8217;agisse d&#8217;une petite copropri\u00e9t\u00e9 ou d&#8217;une vaste r\u00e9sidence.<\/p>\t\t\t\t\t\t<\/div>\n\t\t\t\t<\/div>\n\t\t\t\t<\/div>\n\t\t<div class=\"elementor-element elementor-element-590fcdb e-con-full e-flex elementor-invisible e-con e-child\" data-id=\"590fcdb\" data-element_type=\"container\" data-settings=\"{&quot;content_width&quot;:&quot;full&quot;,&quot;animation&quot;:&quot;fadeInRight&quot;}\">\n\t\t\t\t<div class=\"elementor-element elementor-element-8f591ac elementor-widget elementor-widget-image\" data-id=\"8f591ac\" data-element_type=\"widget\" data-widget_type=\"image.default\">\n\t\t\t\t<div class=\"elementor-widget-container\">\n\t\t\t\t\t\t\t\t\t\t\t\t\t\t\t<img loading=\"lazy\" decoding=\"async\" width=\"1000\" height=\"666\" src=\"https:\/\/immocleanexperts.com\/wp-content\/uploads\/2024\/03\/Interieur-copro.jpeg\" class=\"attachment-large size-large wp-image-583\" alt=\"\" srcset=\"https:\/\/immocleanexperts.com\/wp-content\/uploads\/2024\/03\/Interieur-copro.jpeg 1000w, https:\/\/immocleanexperts.com\/wp-content\/uploads\/2024\/03\/Interieur-copro-300x200.jpeg 300w, https:\/\/immocleanexperts.com\/wp-content\/uploads\/2024\/03\/Interieur-copro-768x511.jpeg 768w\" sizes=\"(max-width: 1000px) 100vw, 1000px\" \/>\t\t\t\t\t\t\t\t\t\t\t\t\t\t\t<\/div>\n\t\t\t\t<\/div>\n\t\t\t\t<\/div>\n\t\t\t\t\t<\/div>\n\t\t\t\t<\/div>\n\t\t<div class=\"elementor-element elementor-element-677ee1d e-con-full e-flex e-con e-parent\" data-id=\"677ee1d\" data-element_type=\"container\" data-settings=\"{&quot;content_width&quot;:&quot;full&quot;}\" data-core-v316-plus=\"true\">\n\t\t<div class=\"elementor-element elementor-element-63513bf e-con-full e-flex elementor-invisible e-con e-child\" data-id=\"63513bf\" data-element_type=\"container\" data-settings=\"{&quot;content_width&quot;:&quot;full&quot;,&quot;animation&quot;:&quot;fadeInLeft&quot;}\">\n\t\t\t\t<div class=\"elementor-element elementor-element-a020b4e elementor-widget elementor-widget-image\" data-id=\"a020b4e\" data-element_type=\"widget\" data-widget_type=\"image.default\">\n\t\t\t\t<div class=\"elementor-widget-container\">\n\t\t\t\t\t\t\t\t\t\t\t\t\t\t\t<img loading=\"lazy\" decoding=\"async\" width=\"386\" height=\"379\" src=\"https:\/\/immocleanexperts.com\/wp-content\/uploads\/2024\/04\/Capture-decran-2024-04-30-a-21.27.05-e1714506246522.png\" class=\"elementor-animation-grow attachment-large size-large wp-image-833\" alt=\"\" srcset=\"https:\/\/immocleanexperts.com\/wp-content\/uploads\/2024\/04\/Capture-decran-2024-04-30-a-21.27.05-e1714506246522.png 386w, https:\/\/immocleanexperts.com\/wp-content\/uploads\/2024\/04\/Capture-decran-2024-04-30-a-21.27.05-e1714506246522-300x295.png 300w\" sizes=\"(max-width: 386px) 100vw, 386px\" \/>\t\t\t\t\t\t\t\t\t\t\t\t\t\t\t<\/div>\n\t\t\t\t<\/div>\n\t\t\t\t<div class=\"elementor-element elementor-element-0db18bf elementor-widget elementor-widget-text-editor\" data-id=\"0db18bf\" data-element_type=\"widget\" data-widget_type=\"text-editor.default\">\n\t\t\t\t<div class=\"elementor-widget-container\">\n\t\t\t\t\t\t\t<p>Nos contrats sont <span style=\"text-decoration: underline;\"><b>sans engagement<\/b><\/span>, vous pouvez <b><u>r\u00e9silier \u00e0 tout moment !<\/u><\/b> Ajustez votre prestation selon vos besoins !<\/p>\t\t\t\t\t\t<\/div>\n\t\t\t\t<\/div>\n\t\t\t\t<\/div>\n\t\t<div class=\"elementor-element elementor-element-2d1b735 e-con-full e-flex elementor-invisible e-con e-child\" data-id=\"2d1b735\" data-element_type=\"container\" data-settings=\"{&quot;content_width&quot;:&quot;full&quot;,&quot;animation&quot;:&quot;fadeInDown&quot;}\">\n\t\t\t\t<div class=\"elementor-element elementor-element-79d41b0 elementor-widget elementor-widget-image\" data-id=\"79d41b0\" data-element_type=\"widget\" data-widget_type=\"image.default\">\n\t\t\t\t<div class=\"elementor-widget-container\">\n\t\t\t\t\t\t\t\t\t\t\t\t\t\t\t<img loading=\"lazy\" decoding=\"async\" width=\"387\" height=\"380\" src=\"https:\/\/immocleanexperts.com\/wp-content\/uploads\/2024\/04\/Capture-decran-2024-04-29-a-16.28.56-e1714401774903.png\" class=\"elementor-animation-grow attachment-large size-large wp-image-753\" alt=\"\" srcset=\"https:\/\/immocleanexperts.com\/wp-content\/uploads\/2024\/04\/Capture-decran-2024-04-29-a-16.28.56-e1714401774903.png 387w, https:\/\/immocleanexperts.com\/wp-content\/uploads\/2024\/04\/Capture-decran-2024-04-29-a-16.28.56-e1714401774903-300x295.png 300w\" sizes=\"(max-width: 387px) 100vw, 387px\" \/>\t\t\t\t\t\t\t\t\t\t\t\t\t\t\t<\/div>\n\t\t\t\t<\/div>\n\t\t\t\t<div class=\"elementor-element elementor-element-06dfaca elementor-widget elementor-widget-text-editor\" data-id=\"06dfaca\" data-element_type=\"widget\" data-widget_type=\"text-editor.default\">\n\t\t\t\t<div class=\"elementor-widget-container\">\n\t\t\t\t\t\t\t<p>Gr\u00e2ce \u00e0 notre syst\u00e8me de gestion innovant, <b><u>\u00e9conomisez jusqu&#8217;\u00e0 15% sur votre contrat actuel !<\/u><\/b><\/p>\t\t\t\t\t\t<\/div>\n\t\t\t\t<\/div>\n\t\t\t\t<\/div>\n\t\t<div class=\"elementor-element elementor-element-7f75a52 e-con-full e-flex elementor-invisible e-con e-child\" data-id=\"7f75a52\" data-element_type=\"container\" data-settings=\"{&quot;content_width&quot;:&quot;full&quot;,&quot;animation&quot;:&quot;fadeInRight&quot;}\">\n\t\t\t\t<div class=\"elementor-element elementor-element-cdcd34b elementor-widget elementor-widget-image\" data-id=\"cdcd34b\" data-element_type=\"widget\" data-widget_type=\"image.default\">\n\t\t\t\t<div class=\"elementor-widget-container\">\n\t\t\t\t\t\t\t\t\t\t\t\t\t\t\t<img loading=\"lazy\" decoding=\"async\" width=\"387\" height=\"380\" src=\"https:\/\/immocleanexperts.com\/wp-content\/uploads\/2024\/04\/Capture-decran-2024-04-29-a-16.35.33-e1714401801769.png\" class=\"elementor-animation-grow attachment-large size-large wp-image-754\" alt=\"\" srcset=\"https:\/\/immocleanexperts.com\/wp-content\/uploads\/2024\/04\/Capture-decran-2024-04-29-a-16.35.33-e1714401801769.png 387w, https:\/\/immocleanexperts.com\/wp-content\/uploads\/2024\/04\/Capture-decran-2024-04-29-a-16.35.33-e1714401801769-300x295.png 300w\" sizes=\"(max-width: 387px) 100vw, 387px\" \/>\t\t\t\t\t\t\t\t\t\t\t\t\t\t\t<\/div>\n\t\t\t\t<\/div>\n\t\t\t\t<div class=\"elementor-element elementor-element-d448f4c elementor-widget elementor-widget-text-editor\" data-id=\"d448f4c\" data-element_type=\"widget\" data-widget_type=\"text-editor.default\">\n\t\t\t\t<div class=\"elementor-widget-container\">\n\t\t\t\t\t\t\t<p>Un <b><u>responsable qualit\u00e9 vous est attitr\u00e9<\/u><\/b> afin de r\u00e9pondre \u00e0 toutes vos questions durant toute la dur\u00e9e du contrat !<\/p>\t\t\t\t\t\t<\/div>\n\t\t\t\t<\/div>\n\t\t\t\t<\/div>\n\t\t\t\t<\/div>\n\t\t<div class=\"elementor-element elementor-element-e5d60c7 e-flex e-con-boxed e-con e-parent\" data-id=\"e5d60c7\" data-element_type=\"container\" data-settings=\"{&quot;content_width&quot;:&quot;boxed&quot;}\" data-core-v316-plus=\"true\">\n\t\t\t\t\t<div class=\"e-con-inner\">\n\t\t\t\t<div class=\"elementor-element elementor-element-0060e80 elementor-align-center elementor-widget elementor-widget-button\" data-id=\"0060e80\" data-element_type=\"widget\" data-widget_type=\"button.default\">\n\t\t\t\t<div class=\"elementor-widget-container\">\n\t\t\t\t\t<div class=\"elementor-button-wrapper\">\n\t\t\t<a class=\"elementor-button elementor-button-link elementor-size-lg elementor-animation-grow\" href=\"http:\/\/www.docs.google.com\/forms\/d\/e\/1FAIpQLScwZu9BDsqVF2RWKWlkfHY3VIdUZi3Fo16ABgqR2yp_8-Aa2Q\/viewform?fbzx=7171981019520474934\" target=\"_blank\">\n\t\t\t\t\t\t<span class=\"elementor-button-content-wrapper\">\n\t\t\t\t\t\t<span class=\"elementor-button-text\">Je veux \u00eatre recontact\u00e9 !<\/span>\n\t\t<\/span>\n\t\t\t\t\t<\/a>\n\t\t<\/div>\n\t\t\t\t<\/div>\n\t\t\t\t<\/div>\n\t\t\t\t\t<\/div>\n\t\t\t\t<\/div>\n\t\t\t\t\t\t\t<\/div>\n\t\t","protected":false},"excerpt":{"rendered":"<p>Chez Immo Clean Experts, nous avons \u00e0 coeur de faire de votre lieu de vie un lieu d\u2019une propret\u00e9 in\u00e9gal\u00e9e. N&#8217;attendez plus et profitez de nos services au meilleur prix ! Sp\u00e9cialis\u00e9s dans le nettoyage de copropri\u00e9t\u00e9s et de vitres, profitez-en ! Demandez votre devis gratuitement ! Pourquoi choisir Immo Clean Experts ? Apr\u00e8s avoir [&hellip;]<\/p>\n","protected":false},"author":1,"featured_media":0,"parent":0,"menu_order":0,"comment_status":"closed","ping_status":"closed","template":"","meta":{"site-sidebar-layout":"no-sidebar","site-content-layout":"","ast-site-content-layout":"full-width-container","site-content-style":"default","site-sidebar-style":"default","ast-global-header-display":"","ast-banner-title-visibility":"","ast-main-header-display":"","ast-hfb-above-header-display":"","ast-hfb-below-header-display":"","ast-hfb-mobile-header-display":"","site-post-title":"disabled","ast-breadcrumbs-content":"","ast-featured-img":"disabled","footer-sml-layout":"","theme-transparent-header-meta":"","adv-header-id-meta":"","stick-header-meta":"","header-above-stick-meta":"","header-main-stick-meta":"","header-below-stick-meta":"","astra-migrate-meta-layouts":"default","ast-page-background-enabled":"default","ast-page-background-meta":{"desktop":{"background-color":"var(--ast-global-color-4)","background-image":"","background-repeat":"repeat","background-position":"center center","background-size":"auto","background-attachment":"scroll","background-type":"","background-media":"","overlay-type":"","overlay-color":"","overlay-gradient":""},"tablet":{"background-color":"","background-image":"","background-repeat":"repeat","background-position":"center center","background-size":"auto","background-attachment":"scroll","background-type":"","background-media":"","overlay-type":"","overlay-color":"","overlay-gradient":""},"mobile":{"background-color":"","background-image":"","background-repeat":"repeat","background-position":"center center","background-size":"auto","background-attachment":"scroll","background-type":"","background-media":"","overlay-type":"","overlay-color":"","overlay-gradient":""}},"ast-content-background-meta":{"desktop":{"background-color":"var(--ast-global-color-5)","background-image":"","background-repeat":"repeat","background-position":"center center","background-size":"auto","background-attachment":"scroll","background-type":"","background-media":"","overlay-type":"","overlay-color":"","overlay-gradient":""},"tablet":{"background-color":"var(--ast-global-color-5)","background-image":"","background-repeat":"repeat","background-position":"center center","background-size":"auto","background-attachment":"scroll","background-type":"","background-media":"","overlay-type":"","overlay-color":"","overlay-gradient":""},"mobile":{"background-color":"var(--ast-global-color-5)","background-image":"","background-repeat":"repeat","background-position":"center center","background-size":"auto","background-attachment":"scroll","background-type":"","background-media":"","overlay-type":"","overlay-color":"","overlay-gradient":""}},"footnotes":""},"class_list":["post-561","page","type-page","status-publish","hentry"],"_links":{"self":[{"href":"https:\/\/immocleanexperts.com\/index.php\/wp-json\/wp\/v2\/pages\/561","targetHints":{"allow":["GET"]}}],"collection":[{"href":"https:\/\/immocleanexperts.com\/index.php\/wp-json\/wp\/v2\/pages"}],"about":[{"href":"https:\/\/immocleanexperts.com\/index.php\/wp-json\/wp\/v2\/types\/page"}],"author":[{"embeddable":true,"href":"https:\/\/immocleanexperts.com\/index.php\/wp-json\/wp\/v2\/users\/1"}],"replies":[{"embeddable":true,"href":"https:\/\/immocleanexperts.com\/index.php\/wp-json\/wp\/v2\/comments?post=561"}],"version-history":[{"count":129,"href":"https:\/\/immocleanexperts.com\/index.php\/wp-json\/wp\/v2\/pages\/561\/revisions"}],"predecessor-version":[{"id":839,"href":"https:\/\/immocleanexperts.com\/index.php\/wp-json\/wp\/v2\/pages\/561\/revisions\/839"}],"wp:attachment":[{"href":"https:\/\/immocleanexperts.com\/index.php\/wp-json\/wp\/v2\/media?parent=561"}],"curies":[{"name":"wp","href":"https:\/\/api.w.org\/{rel}","templated":true}]}}